{"id":868,"date":"2022-11-10T17:14:28","date_gmt":"2022-11-10T17:14:28","guid":{"rendered":"https:\/\/dev.themecafe.net\/gwuagency\/?post_type=product&#038;p=868"},"modified":"2025-10-13T22:57:25","modified_gmt":"2025-10-13T22:57:25","slug":"tier-3","status":"publish","type":"product","link":"https:\/\/gwuagency.com\/es\/service\/tier-3\/","title":{"rendered":"Nivel 3"},"content":{"rendered":"<ul>\n<li>50.000 seguidores reales garantizados cada mes (valorado en 5.000 d\u00f3lares)<\/li>\n<li>3 art\u00edculos de prensa personalizados publicados en l\u00ednea (valorados en $900)<\/li>\n<li>Captaci\u00f3n de clientes potenciales (50 mensajes directos altamente segmentados enviados diariamente para generar clientes potenciales) (Valor de $849)<\/li>\n<li>Interacci\u00f3n mensual (m\u00e1s de 1750 \"me gusta\", m\u00e1s de 35 000 visualizaciones, m\u00e1s de 50 comentarios) (Valor: 815 d\u00f3lares)<\/li>\n<li>5 Dise\u00f1os de Contenido \/ Edici\u00f3n de Video de Nivel Superior (Valor de $250)<\/li>\n<li>M\u00e1s de 140 v\u00eddeos de formaci\u00f3n sobre c\u00f3mo construir y monetizar tu marca personal o empresa en Instagram (valorado en 1.500 d\u00f3lares).<\/li>\n<li>Comunidad privada en Discord con miles de emprendedores afines con ingresos de 6 a 10 cifras (valor superior a 1000 d\u00f3lares).<\/li>\n<li>Acceso al equipo las 24 horas del d\u00eda, los 7 d\u00edas de la semana (Invaluable)<\/li>\n<\/ul>","protected":false},"excerpt":{"rendered":"<p>50k Real Followers Guaranteed Monthly ($5,000 Value) 3 Custom Online Published Press Article ($900 Value) Targeted Account Outreach (50 Highly Targeted DM&#8217;s Sent Daily To Bring You Leads)($849 Value) Monthly Engagement (1,750+ likes, 35,000+ views, 50+ comments) ($815 Value) 5 Content Designs \/ Top Tier Video Edit ($250 Value) 140+ training videos on how to [&hellip;]<\/p>","protected":false},"featured_media":0,"comment_status":"open","ping_status":"closed","template":"","meta":{"inline_featured_image":false},"product_cat":[37],"product_tag":[],"class_list":["post-868","product","type-product","status-publish","hentry","product_cat-monthly-packages"],"jetpack_sharing_enabled":true,"_links":{"self":[{"href":"https:\/\/gwuagency.com\/es\/wp-json\/wp\/v2\/product\/868","targetHints":{"allow":["GET"]}}],"collection":[{"href":"https:\/\/gwuagency.com\/es\/wp-json\/wp\/v2\/product"}],"about":[{"href":"https:\/\/gwuagency.com\/es\/wp-json\/wp\/v2\/types\/product"}],"replies":[{"embeddable":true,"href":"https:\/\/gwuagency.com\/es\/wp-json\/wp\/v2\/comments?post=868"}],"wp:attachment":[{"href":"https:\/\/gwuagency.com\/es\/wp-json\/wp\/v2\/media?parent=868"}],"wp:term":[{"taxonomy":"product_cat","embeddable":true,"href":"https:\/\/gwuagency.com\/es\/wp-json\/wp\/v2\/product_cat?post=868"},{"taxonomy":"product_tag","embeddable":true,"href":"https:\/\/gwuagency.com\/es\/wp-json\/wp\/v2\/product_tag?post=868"}],"curies":[{"name":"wp","href":"https:\/\/api.w.org\/{rel}","templated":true}]}}