{"id":869,"date":"2022-11-10T17:15:16","date_gmt":"2022-11-10T17:15:16","guid":{"rendered":"https:\/\/dev.themecafe.net\/gwuagency\/?post_type=product&#038;p=869"},"modified":"2025-10-13T22:57:33","modified_gmt":"2025-10-13T22:57:33","slug":"tier-4","status":"publish","type":"product","link":"https:\/\/gwuagency.com\/es\/service\/tier-4\/","title":{"rendered":"Nivel 4"},"content":{"rendered":"<ul>\n<li>75.000 seguidores reales garantizados cada mes (valor de 7.500 d\u00f3lares)<\/li>\n<li>4 art\u00edculos de prensa personalizados publicados en l\u00ednea (valorados en $1,200)<\/li>\n<li>Captaci\u00f3n de clientes potenciales (50 mensajes directos altamente segmentados enviados diariamente para generar clientes potenciales) + 1 p\u00e1gina de respaldo gratuita (env\u00edo de 50 mensajes directos segmentados adicionales por d\u00eda) (Valor de $849)<\/li>\n<li>8 Dise\u00f1os de Contenido \/ Edici\u00f3n de Video de Nivel Superior (Valor de $400)<\/li>\n<li>Interacci\u00f3n mensual (m\u00e1s de 2500 \"me gusta\", m\u00e1s de 50 000 visualizaciones, m\u00e1s de 70 comentarios) (Valor: 1160 d\u00f3lares)<\/li>\n<li>M\u00e1s de 140 v\u00eddeos de formaci\u00f3n sobre c\u00f3mo construir y monetizar tu marca personal o empresa en Instagram (valorado en 1.500 d\u00f3lares).<\/li>\n<li>Comunidad privada en Discord con miles de emprendedores afines con ingresos de 6 a 10 cifras (valor superior a 1000 d\u00f3lares).<\/li>\n<li>Acceso al equipo las 24 horas del d\u00eda, los 7 d\u00edas de la semana (Invaluable)<\/li>\n<\/ul>","protected":false},"excerpt":{"rendered":"<p>75k Real Followers Guaranteed Monthly ($7,500 Value) 4 Custom Online Published Press Articles ($1,200 Value) Targeted Account Outreach (50 Highly Targeted DM&#8217;s Sent Daily To Bring You Leads) + 1 Backup Page Complimentary (Sending an Additional 50 Targeted DM&#8217;s Per Day) ($849 Value) 8 Content Designs \/ Top Tier Video Edit ($400 Value) Monthly Engagement [&hellip;]<\/p>","protected":false},"featured_media":0,"comment_status":"open","ping_status":"closed","template":"","meta":{"inline_featured_image":false},"product_cat":[37],"product_tag":[],"class_list":["post-869","product","type-product","status-publish","hentry","product_cat-monthly-packages"],"jetpack_sharing_enabled":true,"_links":{"self":[{"href":"https:\/\/gwuagency.com\/es\/wp-json\/wp\/v2\/product\/869","targetHints":{"allow":["GET"]}}],"collection":[{"href":"https:\/\/gwuagency.com\/es\/wp-json\/wp\/v2\/product"}],"about":[{"href":"https:\/\/gwuagency.com\/es\/wp-json\/wp\/v2\/types\/product"}],"replies":[{"embeddable":true,"href":"https:\/\/gwuagency.com\/es\/wp-json\/wp\/v2\/comments?post=869"}],"wp:attachment":[{"href":"https:\/\/gwuagency.com\/es\/wp-json\/wp\/v2\/media?parent=869"}],"wp:term":[{"taxonomy":"product_cat","embeddable":true,"href":"https:\/\/gwuagency.com\/es\/wp-json\/wp\/v2\/product_cat?post=869"},{"taxonomy":"product_tag","embeddable":true,"href":"https:\/\/gwuagency.com\/es\/wp-json\/wp\/v2\/product_tag?post=869"}],"curies":[{"name":"wp","href":"https:\/\/api.w.org\/{rel}","templated":true}]}}