{"id":870,"date":"2022-11-10T17:16:19","date_gmt":"2022-11-10T17:16:19","guid":{"rendered":"https:\/\/dev.themecafe.net\/gwuagency\/?post_type=product&#038;p=870"},"modified":"2025-10-13T22:57:40","modified_gmt":"2025-10-13T22:57:40","slug":"tier-5","status":"publish","type":"product","link":"https:\/\/gwuagency.com\/es\/service\/tier-5\/","title":{"rendered":"Nivel 5"},"content":{"rendered":"<ul>\n<li>100.000 seguidores reales garantizados cada mes (valorado en 10.000 d\u00f3lares)<\/li>\n<li>5 art\u00edculos de prensa personalizados publicados en l\u00ednea (valorados en $1,500)<\/li>\n<li>Captaci\u00f3n de clientes potenciales (50 mensajes directos altamente segmentados enviados diariamente para generar clientes potenciales) + 4 p\u00e1ginas de respaldo gratuitas (env\u00edo de 50 mensajes directos segmentados adicionales por d\u00eda) (Valor de $849)<\/li>\n<li>Interacci\u00f3n mensual (m\u00e1s de 3500 \"me gusta\", m\u00e1s de 70 000 visualizaciones, m\u00e1s de 85 comentarios) (Valor: 1600 d\u00f3lares)<\/li>\n<li>10 Dise\u00f1os de Contenido \/ Edici\u00f3n de Video de Nivel Superior (Valor de $500)<\/li>\n<li>M\u00e1s de 140 v\u00eddeos de formaci\u00f3n sobre c\u00f3mo construir y monetizar tu marca personal o empresa en Instagram (valorado en 1.500 d\u00f3lares).<\/li>\n<li>Comunidad privada en Discord con miles de emprendedores afines con ingresos de 6 a 10 cifras (valor superior a 1000 d\u00f3lares).<\/li>\n<li>Acceso al equipo las 24 horas del d\u00eda, los 7 d\u00edas de la semana (Invaluable)<\/li>\n<\/ul>","protected":false},"excerpt":{"rendered":"<p>100k Real Followers Guaranteed Monthly ($10,000 Value) 5 Custom Online Published Press Articles ($1,500 Value) Targeted Account Outreach (50 Highly Targeted DM&#8217;s Sent Daily To Bring You Leads) + 4 Backup Page Complimentary (Sending an Additional 50 Targeted DM&#8217;s Per Day) ($849 Value) Monthly Engagement (3,500+ likes, 70,000+ views, 85+ comments) ($1,600 Value) 10 Content [&hellip;]<\/p>","protected":false},"featured_media":0,"comment_status":"open","ping_status":"closed","template":"","meta":{"inline_featured_image":false},"product_cat":[37],"product_tag":[],"class_list":["post-870","product","type-product","status-publish","hentry","product_cat-monthly-packages"],"jetpack_sharing_enabled":true,"_links":{"self":[{"href":"https:\/\/gwuagency.com\/es\/wp-json\/wp\/v2\/product\/870","targetHints":{"allow":["GET"]}}],"collection":[{"href":"https:\/\/gwuagency.com\/es\/wp-json\/wp\/v2\/product"}],"about":[{"href":"https:\/\/gwuagency.com\/es\/wp-json\/wp\/v2\/types\/product"}],"replies":[{"embeddable":true,"href":"https:\/\/gwuagency.com\/es\/wp-json\/wp\/v2\/comments?post=870"}],"wp:attachment":[{"href":"https:\/\/gwuagency.com\/es\/wp-json\/wp\/v2\/media?parent=870"}],"wp:term":[{"taxonomy":"product_cat","embeddable":true,"href":"https:\/\/gwuagency.com\/es\/wp-json\/wp\/v2\/product_cat?post=870"},{"taxonomy":"product_tag","embeddable":true,"href":"https:\/\/gwuagency.com\/es\/wp-json\/wp\/v2\/product_tag?post=870"}],"curies":[{"name":"wp","href":"https:\/\/api.w.org\/{rel}","templated":true}]}}