{"id":887,"date":"2022-11-11T03:50:46","date_gmt":"2022-11-11T03:50:46","guid":{"rendered":"https:\/\/dev.themecafe.net\/gwuagency\/?post_type=product&#038;p=887"},"modified":"2025-05-08T23:34:54","modified_gmt":"2025-05-08T23:34:54","slug":"elite-engagement","status":"publish","type":"product","link":"https:\/\/gwuagency.com\/es\/service\/elite-engagement\/","title":{"rendered":"Compromiso de \u00e9lite"},"content":{"rendered":"<ul>\n<li>6.000 seguidores reales (valor de $600)<\/li>\n<li>M\u00e1s de 3.500 \"me gusta\" por publicaci\u00f3n, m\u00e1s de 40.000 visualizaciones por v\u00eddeo (valorado en 1.050 d\u00f3lares).<\/li>\n<li>M\u00e1s de 75 comentarios por publicaci\u00f3n (valor de $565)<\/li>\n<li>M\u00e1s de 100 v\u00eddeos de formaci\u00f3n sobre c\u00f3mo construir y monetizar tu marca personal o empresa en Instagram.<\/li>\n<li>No se requiere contrase\u00f1a<\/li>\n<li>Acceso para socios (Gana con nosotros)<\/li>\n<li>Acceso al equipo las 24 horas del d\u00eda, los 7 d\u00edas de la semana (Invaluable)<\/li>\n<li>Limitado a 30 publicaciones al mes o se requiere un pago mejorado.<\/li>\n<\/ul>\n<p><strong>valor:\u0336 \u0336$\u03362\u0336,\u03361\u03366\u03365\u0336<\/strong><\/p>","protected":false},"excerpt":{"rendered":"<p>6,000 real followers ($600 value) 3,500+ likes per post, 40,000+ views per video ($1,050 value) 75+ comments per post ($565 value) 100+ training videos on how to build and monetize your personal brand or company on Instagram No Password required Partnership access (Earn With Us) 24\/7 team access (Priceless) Limited to 30 post\/mo or upgraded [&hellip;]<\/p>","protected":false},"featured_media":0,"comment_status":"open","ping_status":"closed","template":"","meta":{"inline_featured_image":false},"product_cat":[38],"product_tag":[],"class_list":["post-887","product","type-product","status-publish","hentry","product_cat-engagement-packages"],"jetpack_sharing_enabled":true,"_links":{"self":[{"href":"https:\/\/gwuagency.com\/es\/wp-json\/wp\/v2\/product\/887","targetHints":{"allow":["GET"]}}],"collection":[{"href":"https:\/\/gwuagency.com\/es\/wp-json\/wp\/v2\/product"}],"about":[{"href":"https:\/\/gwuagency.com\/es\/wp-json\/wp\/v2\/types\/product"}],"replies":[{"embeddable":true,"href":"https:\/\/gwuagency.com\/es\/wp-json\/wp\/v2\/comments?post=887"}],"wp:attachment":[{"href":"https:\/\/gwuagency.com\/es\/wp-json\/wp\/v2\/media?parent=887"}],"wp:term":[{"taxonomy":"product_cat","embeddable":true,"href":"https:\/\/gwuagency.com\/es\/wp-json\/wp\/v2\/product_cat?post=887"},{"taxonomy":"product_tag","embeddable":true,"href":"https:\/\/gwuagency.com\/es\/wp-json\/wp\/v2\/product_tag?post=887"}],"curies":[{"name":"wp","href":"https:\/\/api.w.org\/{rel}","templated":true}]}}