{"id":888,"date":"2022-11-11T03:51:42","date_gmt":"2022-11-11T03:51:42","guid":{"rendered":"https:\/\/dev.themecafe.net\/gwuagency\/?post_type=product&#038;p=888"},"modified":"2025-05-08T23:35:01","modified_gmt":"2025-05-08T23:35:01","slug":"top-tier-engagement","status":"publish","type":"product","link":"https:\/\/gwuagency.com\/es\/service\/top-tier-engagement\/","title":{"rendered":"Compromiso de primer nivel"},"content":{"rendered":"<ul>\n<li>7.000 seguidores reales (valor de $700)<\/li>\n<li>M\u00e1s de 4.500 \"me gusta\" por publicaci\u00f3n, m\u00e1s de 50.000 visualizaciones por v\u00eddeo (valorado en 1.350 d\u00f3lares).<\/li>\n<li>M\u00e1s de 100 comentarios por publicaci\u00f3n (valor de $750)<\/li>\n<li>M\u00e1s de 100 v\u00eddeos de formaci\u00f3n sobre c\u00f3mo construir y monetizar tu marca personal o empresa en Instagram.<\/li>\n<li>No se requiere contrase\u00f1a<\/li>\n<li>Acceso para socios (Gana con nosotros)<\/li>\n<li>Acceso al equipo las 24 horas del d\u00eda, los 7 d\u00edas de la semana (Invaluable)<\/li>\n<li>Limitado a 30 publicaciones al mes o se requiere un pago mejorado.<\/li>\n<\/ul>\n<p><strong>valor:\u0336 \u0336$\u03362\u0336,\u03367\u03365\u03360\u0336<\/strong><\/p>","protected":false},"excerpt":{"rendered":"<p>7,000 real followers ($700 value) 4,500+ likes per post, 50,000+ views per video ($1,350 value) 100+ comments per post ($750 value) 100+ training videos on how to build and monetize your personal brand or company on Instagram No Password required Partnership access (Earn With Us) 24\/7 team access (Priceless) Limited to 30 post\/mo or upgraded [&hellip;]<\/p>","protected":false},"featured_media":0,"comment_status":"open","ping_status":"closed","template":"","meta":{"inline_featured_image":false},"product_cat":[38],"product_tag":[],"class_list":["post-888","product","type-product","status-publish","hentry","product_cat-engagement-packages"],"jetpack_sharing_enabled":true,"_links":{"self":[{"href":"https:\/\/gwuagency.com\/es\/wp-json\/wp\/v2\/product\/888","targetHints":{"allow":["GET"]}}],"collection":[{"href":"https:\/\/gwuagency.com\/es\/wp-json\/wp\/v2\/product"}],"about":[{"href":"https:\/\/gwuagency.com\/es\/wp-json\/wp\/v2\/types\/product"}],"replies":[{"embeddable":true,"href":"https:\/\/gwuagency.com\/es\/wp-json\/wp\/v2\/comments?post=888"}],"wp:attachment":[{"href":"https:\/\/gwuagency.com\/es\/wp-json\/wp\/v2\/media?parent=888"}],"wp:term":[{"taxonomy":"product_cat","embeddable":true,"href":"https:\/\/gwuagency.com\/es\/wp-json\/wp\/v2\/product_cat?post=888"},{"taxonomy":"product_tag","embeddable":true,"href":"https:\/\/gwuagency.com\/es\/wp-json\/wp\/v2\/product_tag?post=888"}],"curies":[{"name":"wp","href":"https:\/\/api.w.org\/{rel}","templated":true}]}}